{"id":16,"date":"2022-11-07T14:54:04","date_gmt":"2022-11-07T14:54:04","guid":{"rendered":"https:\/\/kadence.pixel-show.com\/influencer\/?page_id=16"},"modified":"2025-02-21T12:58:57","modified_gmt":"2025-02-21T12:58:57","slug":"contacts","status":"publish","type":"page","link":"https:\/\/psychonaty.com\/sk\/contacts\/","title":{"rendered":"Kontakt"},"content":{"rendered":"<style>.kb-row-layout-id16_c986ca-ff > .kt-row-column-wrap{align-content:start;}:where(.kb-row-layout-id16_c986ca-ff > .kt-row-column-wrap) > .wp-block-kadence-column{justify-content:start;}.kb-row-layout-id16_c986ca-ff > .kt-row-column-wrap{column-gap:var(--global-kb-gap-md, 2rem);row-gap:var(--global-kb-gap-md, 2rem);max-width:var( --global-content-width, 1290px );padding-left:var(--global-content-edge-padding);padding-right:var(--global-content-edge-padding);padding-top:97px;padding-bottom:105px;grid-template-columns:minmax(0, 1fr);}.kb-row-layout-id16_c986ca-ff{background-color:#1e2130;}.kb-row-layout-id16_c986ca-ff > .kt-row-layout-overlay{opacity:0.30;}@media all and (max-width: 1024px){.kb-row-layout-id16_c986ca-ff > .kt-row-column-wrap{padding-top:60px;grid-template-columns:minmax(0, 1fr);}}@media all and (max-width: 767px){.kb-row-layout-id16_c986ca-ff > .kt-row-column-wrap{grid-template-columns:minmax(0, 1fr);}}<\/style><div class=\"kb-row-layout-wrap kb-row-layout-id16_c986ca-ff alignnone kt-row-has-bg wp-block-kadence-rowlayout\"><div class=\"kt-row-column-wrap kt-has-1-columns kt-row-layout-equal kt-tab-layout-inherit kt-mobile-layout-row kt-row-valign-top kb-theme-content-width\">\n<style>.kadence-column16_043029-48 > .kt-inside-inner-col,.kadence-column16_043029-48 > .kt-inside-inner-col:before{border-top-left-radius:0px;border-top-right-radius:0px;border-bottom-right-radius:0px;border-bottom-left-radius:0px;}.kadence-column16_043029-48 > .kt-inside-inner-col{column-gap:var(--global-kb-gap-sm, 1rem);}.kadence-column16_043029-48 > .kt-inside-inner-col{flex-direction:column;}.kadence-column16_043029-48 > .kt-inside-inner-col > .aligncenter{width:100%;}.kadence-column16_043029-48 > .kt-inside-inner-col:before{opacity:0.3;}.kadence-column16_043029-48{position:relative;}@media all and (max-width: 1024px){.kadence-column16_043029-48 > .kt-inside-inner-col{flex-direction:column;justify-content:center;}}@media all and (max-width: 767px){.kadence-column16_043029-48 > .kt-inside-inner-col{flex-direction:column;justify-content:center;}}<\/style>\n<div class=\"wp-block-kadence-column kadence-column16_043029-48 inner-column-1\"><div class=\"kt-inside-inner-col\"><style>.kb-row-layout-id16_f52e58-f8 > .kt-row-column-wrap{align-content:start;}:where(.kb-row-layout-id16_f52e58-f8 > .kt-row-column-wrap) > .wp-block-kadence-column{justify-content:start;}.kb-row-layout-id16_f52e58-f8 > .kt-row-column-wrap{column-gap:var(--global-kb-gap-md, 2rem);row-gap:var(--global-kb-gap-md, 2rem);max-width:600px;margin-left:auto;margin-right:auto;padding-top:0px;padding-bottom:0px;grid-template-columns:minmax(0, 1fr);}.kb-row-layout-id16_f52e58-f8 > .kt-row-layout-overlay{opacity:0.30;}@media all and (max-width: 1024px){.kb-row-layout-id16_f52e58-f8 > .kt-row-column-wrap{max-width:600px;margin-left:auto;margin-right:auto;grid-template-columns:minmax(0, 1fr);}}@media all and (max-width: 767px){.kb-row-layout-id16_f52e58-f8 > .kt-row-column-wrap{grid-template-columns:minmax(0, 1fr);}}<\/style><div class=\"kb-row-layout-wrap kb-row-layout-id16_f52e58-f8 alignnone wp-block-kadence-rowlayout\"><div class=\"kt-row-column-wrap kt-has-1-columns kt-row-layout-equal kt-tab-layout-inherit kt-mobile-layout-row kt-row-valign-top\">\n<style>.kadence-column16_c9a392-85 > .kt-inside-inner-col,.kadence-column16_c9a392-85 > .kt-inside-inner-col:before{border-top-left-radius:0px;border-top-right-radius:0px;border-bottom-right-radius:0px;border-bottom-left-radius:0px;}.kadence-column16_c9a392-85 > .kt-inside-inner-col{column-gap:var(--global-kb-gap-sm, 1rem);}.kadence-column16_c9a392-85 > .kt-inside-inner-col{flex-direction:column;}.kadence-column16_c9a392-85 > .kt-inside-inner-col > .aligncenter{width:100%;}.kadence-column16_c9a392-85 > .kt-inside-inner-col:before{opacity:0.3;}.kadence-column16_c9a392-85{position:relative;}@media all and (max-width: 1024px){.kadence-column16_c9a392-85 > .kt-inside-inner-col{flex-direction:column;justify-content:center;}}@media all and (max-width: 767px){.kadence-column16_c9a392-85 > .kt-inside-inner-col{flex-direction:column;justify-content:center;}}<\/style>\n<div class=\"wp-block-kadence-column kadence-column16_c9a392-85 inner-column-1\"><div class=\"kt-inside-inner-col\"><style>.wp-block-kadence-advancedheading.kt-adv-heading16_fa3db0-95, .wp-block-kadence-advancedheading.kt-adv-heading16_fa3db0-95[data-kb-block=\"kb-adv-heading16_fa3db0-95\"]{margin-bottom:20px;text-align:center;font-size:70px;line-height:70px;font-style:normal;}.wp-block-kadence-advancedheading.kt-adv-heading16_fa3db0-95 mark.kt-highlight, .wp-block-kadence-advancedheading.kt-adv-heading16_fa3db0-95[data-kb-block=\"kb-adv-heading16_fa3db0-95\"] mark.kt-highlight{font-style:normal;color:#f76a0c;-webkit-box-decoration-break:clone;box-decoration-break:clone;padding-top:0px;padding-right:0px;padding-bottom:0px;padding-left:0px;}.wp-block-kadence-advancedheading.kt-adv-heading16_fa3db0-95 img.kb-inline-image, .wp-block-kadence-advancedheading.kt-adv-heading16_fa3db0-95[data-kb-block=\"kb-adv-heading16_fa3db0-95\"] img.kb-inline-image{width:150px;vertical-align:baseline;}@media all and (max-width: 1024px){.wp-block-kadence-advancedheading.kt-adv-heading16_fa3db0-95, .wp-block-kadence-advancedheading.kt-adv-heading16_fa3db0-95[data-kb-block=\"kb-adv-heading16_fa3db0-95\"]{font-size:55px;}}@media all and (max-width: 767px){.wp-block-kadence-advancedheading.kt-adv-heading16_fa3db0-95, .wp-block-kadence-advancedheading.kt-adv-heading16_fa3db0-95[data-kb-block=\"kb-adv-heading16_fa3db0-95\"]{font-size:45px;}}<\/style>\n<h1 class=\"kt-adv-heading16_fa3db0-95 wp-block-kadence-advancedheading has-theme-palette-9-color has-text-color\" data-kb-block=\"kb-adv-heading16_fa3db0-95\">Kontaktuj ma<\/h1>\n\n\n<style>.wp-block-kadence-advancedheading.kt-adv-heading16_3913ec-43, .wp-block-kadence-advancedheading.kt-adv-heading16_3913ec-43[data-kb-block=\"kb-adv-heading16_3913ec-43\"]{text-align:center;font-style:normal;}.wp-block-kadence-advancedheading.kt-adv-heading16_3913ec-43 mark.kt-highlight, .wp-block-kadence-advancedheading.kt-adv-heading16_3913ec-43[data-kb-block=\"kb-adv-heading16_3913ec-43\"] mark.kt-highlight{font-style:normal;color:#f76a0c;-webkit-box-decoration-break:clone;box-decoration-break:clone;padding-top:0px;padding-right:0px;padding-bottom:0px;padding-left:0px;}.wp-block-kadence-advancedheading.kt-adv-heading16_3913ec-43 img.kb-inline-image, .wp-block-kadence-advancedheading.kt-adv-heading16_3913ec-43[data-kb-block=\"kb-adv-heading16_3913ec-43\"] img.kb-inline-image{width:150px;vertical-align:baseline;}<\/style>\n<p class=\"kt-adv-heading16_3913ec-43 wp-block-kadence-advancedheading has-theme-palette-9-color has-text-color\" data-kb-block=\"kb-adv-heading16_3913ec-43\">Nev\u00e1haj ma kontaktova\u0165 - <mark style=\"background-color:rgba(0, 0, 0, 0)\" class=\"has-inline-color has-theme-palette-1-color\">som tu, aby som ti pomohla dosiahnu\u0165 tvoje ciele<\/mark> a podporila tvoju cestu.<\/p>\n<\/div><\/div>\n\n<\/div><\/div><\/div><\/div>\n\n<\/div><\/div>\n\n<style>.kb-row-layout-id16_8f3dbb-33 > .kt-row-column-wrap{align-content:start;}:where(.kb-row-layout-id16_8f3dbb-33 > .kt-row-column-wrap) > .wp-block-kadence-column{justify-content:start;}.kb-row-layout-id16_8f3dbb-33 > .kt-row-column-wrap{column-gap:var(--global-kb-gap-md, 2rem);row-gap:var(--global-kb-gap-md, 2rem);max-width:var( --global-content-width, 1290px );padding-left:var(--global-content-edge-padding);padding-right:var(--global-content-edge-padding);padding-top:80px;padding-right:50px;padding-bottom:80px;padding-left:50px;grid-template-columns:minmax(0, calc(50% - ((var(--global-kb-gap-md, 2rem) * 1 )\/2)))minmax(0, calc(50% - ((var(--global-kb-gap-md, 2rem) * 1 )\/2)));}.kb-row-layout-id16_8f3dbb-33 > .kt-row-layout-overlay{opacity:0.30;}@media all and (max-width: 1024px){.kb-row-layout-id16_8f3dbb-33 > .kt-row-column-wrap{padding-top:60px;padding-right:150px;padding-bottom:60px;padding-left:150px;grid-template-columns:minmax(0, 1fr);}}@media all and (max-width: 767px){.kb-row-layout-id16_8f3dbb-33 > .kt-row-column-wrap{padding-top:60px;padding-right:30px;padding-bottom:60px;padding-left:30px;grid-template-columns:minmax(0, 1fr);}}<\/style><div class=\"kb-row-layout-wrap kb-row-layout-id16_8f3dbb-33 alignnone has-theme-palette8-background-color kt-row-has-bg wp-block-kadence-rowlayout\"><div class=\"kt-row-column-wrap kt-has-2-columns kt-row-layout-equal kt-tab-layout-row kt-mobile-layout-row kt-row-valign-top kb-theme-content-width\">\n<style>.kadence-column16_27c73f-3e > .kt-inside-inner-col,.kadence-column16_27c73f-3e > .kt-inside-inner-col:before{border-top-left-radius:0px;border-top-right-radius:0px;border-bottom-right-radius:0px;border-bottom-left-radius:0px;}.kadence-column16_27c73f-3e > .kt-inside-inner-col{column-gap:var(--global-kb-gap-sm, 1rem);}.kadence-column16_27c73f-3e > .kt-inside-inner-col{flex-direction:column;}.kadence-column16_27c73f-3e > .kt-inside-inner-col > .aligncenter{width:100%;}.kadence-column16_27c73f-3e > .kt-inside-inner-col:before{opacity:0.3;}.kadence-column16_27c73f-3e{position:relative;}.kadence-column16_27c73f-3e, .kt-inside-inner-col > .kadence-column16_27c73f-3e:not(.specificity){margin-right:80px;}@media all and (max-width: 1024px){.kadence-column16_27c73f-3e > .kt-inside-inner-col{flex-direction:column;justify-content:center;}}@media all and (max-width: 1024px){.kadence-column16_27c73f-3e, .kt-inside-inner-col > .kadence-column16_27c73f-3e:not(.specificity){margin-top:0px;margin-right:0px;margin-bottom:0px;margin-left:0px;}}@media all and (max-width: 767px){.kadence-column16_27c73f-3e > .kt-inside-inner-col{flex-direction:column;justify-content:center;}.kadence-column16_27c73f-3e, .kt-inside-inner-col > .kadence-column16_27c73f-3e:not(.specificity){margin-top:0px;margin-right:0px;margin-bottom:0px;margin-left:0px;}}<\/style>\n<div class=\"wp-block-kadence-column kadence-column16_27c73f-3e inner-column-1\"><div class=\"kt-inside-inner-col\"><style>.wp-block-kadence-advancedheading.kt-adv-heading16_a11f02-3e, .wp-block-kadence-advancedheading.kt-adv-heading16_a11f02-3e[data-kb-block=\"kb-adv-heading16_a11f02-3e\"]{margin-top:40px;margin-bottom:40px;font-size:var(--global-kb-font-size-xl, 3rem);line-height:78px;font-style:normal;}.wp-block-kadence-advancedheading.kt-adv-heading16_a11f02-3e mark.kt-highlight, .wp-block-kadence-advancedheading.kt-adv-heading16_a11f02-3e[data-kb-block=\"kb-adv-heading16_a11f02-3e\"] mark.kt-highlight{font-style:normal;color:#f76a0c;-webkit-box-decoration-break:clone;box-decoration-break:clone;padding-top:0px;padding-right:0px;padding-bottom:0px;padding-left:0px;}.wp-block-kadence-advancedheading.kt-adv-heading16_a11f02-3e img.kb-inline-image, .wp-block-kadence-advancedheading.kt-adv-heading16_a11f02-3e[data-kb-block=\"kb-adv-heading16_a11f02-3e\"] img.kb-inline-image{width:150px;vertical-align:baseline;}@media all and (max-width: 1024px){.wp-block-kadence-advancedheading.kt-adv-heading16_a11f02-3e, .wp-block-kadence-advancedheading.kt-adv-heading16_a11f02-3e[data-kb-block=\"kb-adv-heading16_a11f02-3e\"]{font-size:60px;text-align:center!important;}}@media all and (max-width: 767px){.wp-block-kadence-advancedheading.kt-adv-heading16_a11f02-3e, .wp-block-kadence-advancedheading.kt-adv-heading16_a11f02-3e[data-kb-block=\"kb-adv-heading16_a11f02-3e\"]{font-size:50px;line-height:58px;text-align:center!important;}}<\/style>\n<h2 class=\"kt-adv-heading16_a11f02-3e wp-block-kadence-advancedheading\" data-kb-block=\"kb-adv-heading16_a11f02-3e\">M\u00e1\u0161 ot\u00e1zku?<\/h2>\n\n\n<style>.wp-block-kadence-advancedheading.kt-adv-heading16_f952e5-de, .wp-block-kadence-advancedheading.kt-adv-heading16_f952e5-de[data-kb-block=\"kb-adv-heading16_f952e5-de\"]{padding-bottom:var(--global-kb-spacing-md, 2rem);font-style:normal;}.wp-block-kadence-advancedheading.kt-adv-heading16_f952e5-de mark.kt-highlight, .wp-block-kadence-advancedheading.kt-adv-heading16_f952e5-de[data-kb-block=\"kb-adv-heading16_f952e5-de\"] mark.kt-highlight{font-style:normal;color:#f76a0c;-webkit-box-decoration-break:clone;box-decoration-break:clone;padding-top:0px;padding-right:0px;padding-bottom:0px;padding-left:0px;}.wp-block-kadence-advancedheading.kt-adv-heading16_f952e5-de img.kb-inline-image, .wp-block-kadence-advancedheading.kt-adv-heading16_f952e5-de[data-kb-block=\"kb-adv-heading16_f952e5-de\"] img.kb-inline-image{width:150px;vertical-align:baseline;}@media all and (max-width: 1024px){.wp-block-kadence-advancedheading.kt-adv-heading16_f952e5-de, .wp-block-kadence-advancedheading.kt-adv-heading16_f952e5-de[data-kb-block=\"kb-adv-heading16_f952e5-de\"]{text-align:center!important;}}@media all and (max-width: 767px){.wp-block-kadence-advancedheading.kt-adv-heading16_f952e5-de, .wp-block-kadence-advancedheading.kt-adv-heading16_f952e5-de[data-kb-block=\"kb-adv-heading16_f952e5-de\"]{text-align:center!important;}}<\/style>\n<h5 class=\"kt-adv-heading16_f952e5-de wp-block-kadence-advancedheading\" data-kb-block=\"kb-adv-heading16_f952e5-de\">Ak m\u00e1\u0161 ak\u00e9ko\u013evek ot\u00e1zky alebo potrebuje\u0161 viac inform\u00e1ci\u00ed, nev\u00e1haj ma kontaktova\u0165. Som tu, aby som ti pomohla a usmernila \u0165a pri dosahovan\u00ed tvojich cie\u013eov a prekon\u00e1van\u00ed v\u00fdziev.<\/h5>\n\n\n<style>.wp-block-kadence-advancedheading.kt-adv-heading16_0023a4-79, .wp-block-kadence-advancedheading.kt-adv-heading16_0023a4-79[data-kb-block=\"kb-adv-heading16_0023a4-79\"]{padding-bottom:var(--global-kb-spacing-md, 2rem);font-style:normal;}.wp-block-kadence-advancedheading.kt-adv-heading16_0023a4-79 mark.kt-highlight, .wp-block-kadence-advancedheading.kt-adv-heading16_0023a4-79[data-kb-block=\"kb-adv-heading16_0023a4-79\"] mark.kt-highlight{font-style:normal;color:#f76a0c;-webkit-box-decoration-break:clone;box-decoration-break:clone;padding-top:0px;padding-right:0px;padding-bottom:0px;padding-left:0px;}.wp-block-kadence-advancedheading.kt-adv-heading16_0023a4-79 img.kb-inline-image, .wp-block-kadence-advancedheading.kt-adv-heading16_0023a4-79[data-kb-block=\"kb-adv-heading16_0023a4-79\"] img.kb-inline-image{width:150px;vertical-align:baseline;}<\/style>\n<h5 class=\"kt-adv-heading16_0023a4-79 wp-block-kadence-advancedheading has-theme-palette-1-color has-text-color\" data-kb-block=\"kb-adv-heading16_0023a4-79\"><strong>Vypl\u0148 tento formul\u00e1r a ja sa ti \u010do najsk\u00f4r ozvem.<\/strong><\/h5>\n\n\n<style>.wp-block-kadence-advancedheading.kt-adv-heading16_f47e24-fd, .wp-block-kadence-advancedheading.kt-adv-heading16_f47e24-fd[data-kb-block=\"kb-adv-heading16_f47e24-fd\"]{font-style:normal;}.wp-block-kadence-advancedheading.kt-adv-heading16_f47e24-fd mark.kt-highlight, .wp-block-kadence-advancedheading.kt-adv-heading16_f47e24-fd[data-kb-block=\"kb-adv-heading16_f47e24-fd\"] mark.kt-highlight{font-style:normal;color:#f76a0c;-webkit-box-decoration-break:clone;box-decoration-break:clone;padding-top:0px;padding-right:0px;padding-bottom:0px;padding-left:0px;}.wp-block-kadence-advancedheading.kt-adv-heading16_f47e24-fd img.kb-inline-image, .wp-block-kadence-advancedheading.kt-adv-heading16_f47e24-fd[data-kb-block=\"kb-adv-heading16_f47e24-fd\"] img.kb-inline-image{width:150px;vertical-align:baseline;}<\/style>\n<h5 class=\"kt-adv-heading16_f47e24-fd wp-block-kadence-advancedheading\" data-kb-block=\"kb-adv-heading16_f47e24-fd\"><strong>Email: natalia.grigelova1@gmail.com<br>Telef\u00f3n <\/strong>+421 902 181 755<\/h5>\n<\/div><\/div>\n\n\n<style>.kadence-column16_a96788-8e > .kt-inside-inner-col{padding-top:30px;padding-right:50px;padding-bottom:50px;padding-left:50px;}.kadence-column16_a96788-8e > .kt-inside-inner-col,.kadence-column16_a96788-8e > .kt-inside-inner-col:before{border-top-left-radius:0px;border-top-right-radius:0px;border-bottom-right-radius:80px;border-bottom-left-radius:0px;}.kadence-column16_a96788-8e > .kt-inside-inner-col{column-gap:var(--global-kb-gap-sm, 1rem);}.kadence-column16_a96788-8e > .kt-inside-inner-col{flex-direction:column;}.kadence-column16_a96788-8e > .kt-inside-inner-col > .aligncenter{width:100%;}.kadence-column16_a96788-8e > .kt-inside-inner-col{background-color:var(--global-palette9, #ffffff);}.kadence-column16_a96788-8e > .kt-inside-inner-col:before{opacity:0.3;}.kadence-column16_a96788-8e{position:relative;}@media all and (max-width: 1024px){.kadence-column16_a96788-8e > .kt-inside-inner-col{flex-direction:column;justify-content:center;}}@media all and (max-width: 767px){.kadence-column16_a96788-8e > .kt-inside-inner-col{padding-top:var(--global-kb-spacing-xs, 1rem);padding-right:var(--global-kb-spacing-xs, 1rem);padding-bottom:var(--global-kb-spacing-xs, 1rem);padding-left:var(--global-kb-spacing-xs, 1rem);flex-direction:column;justify-content:center;}}<\/style>\n<div class=\"wp-block-kadence-column kadence-column16_a96788-8e inner-column-2\"><div class=\"kt-inside-inner-col\"><style>.kadence-form-16_ac06ee-a8 .kb-form .kadence-blocks-form-field .kb-text-style-field, .kadence-form-16_ac06ee-a8 .kb-form .kadence-blocks-form-field .kb-select-style-field{border-radius:50px;border-color:var(--global-palette6, #718096);}.kadence-form-16_ac06ee-a8 .kb-form .kadence-blocks-form-field > label{font-size:20px;font-family:Sorts Mill Goudy;font-style:italic;font-weight:400;padding-top:0px;padding-right:0px;padding-bottom:0px;padding-left:10px;}.kadence-form-16_ac06ee-a8 .kb-form .kadence-blocks-form-field .kb-forms-submit{border-radius:50px;}.kadence-form-16_ac06ee-a8 .kb-form .kadence-blocks-form-field .kb-forms-submit{margin-top:10px;}.kadence-form-16_ac06ee-a8 .kb-form .kadence-blocks-form-field .kb-forms-submit{text-transform:capitalize;}.kb-form input.kadence-blocks-field.verify{opacity:0.0;position:absolute;top:0.0;left:0.0;width:0.0;height:0.0;z-index:-1;}<\/style>\n<div class=\"wp-block-kadence-form kadence-form-16_ac06ee-a8 kb-form-wrap\"><form class=\"kb-form\" action=\"\" method=\"post\" data-trp-original-action=\"\"><div class=\"kadence-blocks-form-field kb-field-desk-width-100 kb-input-size-standard\"><label for=\"kb_field_16_ac06ee-a8_0\">Meno<\/label><input name=\"kb_field_0\" id=\"kb_field_16_ac06ee-a8_0\" data-label=\"Name\" type=\"text\" placeholder=\"\" value=\"\" data-type=\"text\" class=\"kb-field kb-text-style-field kb-text-field kb-field-0\"\/><\/div><div class=\"kadence-blocks-form-field kb-form-field-1 kb-field-desk-width-100 kb-input-size-standard\"><label for=\"kb_field_16_ac06ee-a8_1\">Email<\/label><input name=\"kb_field_1\" id=\"kb_field_16_ac06ee-a8_1\" data-label=\"Email Address\" type=\"email\" placeholder=\"\" value=\"\" data-type=\"email\" class=\"kb-field kb-text-style-field kb-email-field kb-field-1\"\/><\/div><div class=\"kadence-blocks-form-field kb-form-field-2 kb-field-desk-width-50 kb-field-mobile-width-100 kb-input-size-standard\"><label for=\"kb_field_16_ac06ee-a8_2\">Telef\u00f3n<\/label><input name=\"kb_field_2\" id=\"kb_field_16_ac06ee-a8_2\" data-label=\"Phone\" type=\"tel\" placeholder=\"\" value=\"\" data-type=\"tel\" class=\"kb-field kb-text-style-field kb-tel-field kb-field-2\"\/><\/div><div class=\"kadence-blocks-form-field kb-form-field-3 kb-field-desk-width-50 kb-field-mobile-width-100 kb-input-size-standard\"><label for=\"kb_field_16_ac06ee-a8_3\">Predmet<\/label><input name=\"kb_field_3\" id=\"kb_field_16_ac06ee-a8_3\" data-label=\"Subject\" type=\"text\" placeholder=\"\" value=\"\" data-type=\"text\" class=\"kb-field kb-text-style-field kb-text-field kb-field-3\"\/><\/div><div class=\"kadence-blocks-form-field kb-form-field-4 kb-field-desk-width-100 kb-field-mobile-width-100 kb-input-size-standard\"><label for=\"kb_field_16_ac06ee-a8_4\">Spr\u00e1va<\/label><textarea name=\"kb_field_4\" id=\"kb_field_16_ac06ee-a8_4\" data-label=\"Message\" type=\"textarea\" placeholder=\"\" data-type=\"textarea\" class=\"kb-field kb-text-style-field kb-textarea-field kb-field-4\" rows=\"2\"><\/textarea><\/div><input type=\"hidden\" name=\"_kb_form_id\" value=\"16_ac06ee-a8\"\/><input type=\"hidden\" name=\"_kb_form_post_id\" value=\"16\"\/><input type=\"hidden\" name=\"action\" value=\"kb_process_ajax_submit\"\/><label class=\"kadence-verify-label\">Email<input class=\"kadence-blocks-field verify\" type=\"text\" name=\"_kb_verify_email\" autocomplete=\"new-password\" aria-hidden=\"true\" placeholder=\"Email\" tabindex=\"-1\" data-1p-ignore=\"true\" data-lpignore=\"true\" \/><\/label><div class=\"kadence-blocks-form-field kb-submit-field kb-field-desk-width-100\"><button class=\"kb-forms-submit button kb-button-size-standard kb-button-width-full\">posla\u0165 spr\u00e1vu<\/button><\/div><input type=\"hidden\" name=\"trp-form-language\" value=\"sk\"\/><\/form><\/div>\n<noscript><div class=\"kadence-blocks-form-message kadence-blocks-form-warning\">Please enable JavaScript in your browser to submit the form<\/div><style>.kadence-form-16_ac06ee-a8 .kadence-blocks-form-field.kb-submit-field { display: none; }<\/style><\/noscript><\/div><\/div>\n\n<\/div><\/div>","protected":false},"excerpt":{"rendered":"<p>Contact Me Feel free to reach out \u2014 I&#8217;m here to help you achieve your goals and support your journey. Have A Question? If you have any questions or need more information, don\u2019t hesitate to get in touch. I\u2019m here to assist and guide you in achieving your goals and overcoming challenges. Fill out the&#8230;<\/p>","protected":false},"author":1,"featured_media":0,"parent":0,"menu_order":0,"comment_status":"closed","ping_status":"closed","template":"","meta":{"_kadence_starter_templates_imported_post":true,"_kad_post_transparent":"","_kad_post_title":"hide","_kad_post_layout":"fullwidth","_kad_post_sidebar_id":"","_kad_post_content_style":"unboxed","_kad_post_vertical_padding":"hide","_kad_post_feature":"hide","_kad_post_feature_position":"","_kad_post_header":false,"_kad_post_footer":false,"footnotes":""},"class_list":["post-16","page","type-page","status-publish","hentry"],"aioseo_notices":[],"_links":{"self":[{"href":"https:\/\/psychonaty.com\/sk\/wp-json\/wp\/v2\/pages\/16","targetHints":{"allow":["GET"]}}],"collection":[{"href":"https:\/\/psychonaty.com\/sk\/wp-json\/wp\/v2\/pages"}],"about":[{"href":"https:\/\/psychonaty.com\/sk\/wp-json\/wp\/v2\/types\/page"}],"author":[{"embeddable":true,"href":"https:\/\/psychonaty.com\/sk\/wp-json\/wp\/v2\/users\/1"}],"replies":[{"embeddable":true,"href":"https:\/\/psychonaty.com\/sk\/wp-json\/wp\/v2\/comments?post=16"}],"version-history":[{"count":9,"href":"https:\/\/psychonaty.com\/sk\/wp-json\/wp\/v2\/pages\/16\/revisions"}],"predecessor-version":[{"id":971,"href":"https:\/\/psychonaty.com\/sk\/wp-json\/wp\/v2\/pages\/16\/revisions\/971"}],"wp:attachment":[{"href":"https:\/\/psychonaty.com\/sk\/wp-json\/wp\/v2\/media?parent=16"}],"curies":[{"name":"wp","href":"https:\/\/api.w.org\/{rel}","templated":true}]}}